{"id":192,"date":"2015-10-13T17:57:56","date_gmt":"2015-10-13T15:57:56","guid":{"rendered":"http:\/\/www.ra-durnwalder.it\/?page_id=192"},"modified":"2026-02-25T14:57:12","modified_gmt":"2026-02-25T12:57:12","slug":"rechtsanwaltskanzlei-meinhard-durnwalder","status":"publish","type":"page","link":"https:\/\/www.ra-durnwalder.it\/it\/","title":{"rendered":"rechtsanwaltskanzlei-meinhard-durnwalder"},"content":{"rendered":"<div class=\"wpb-content-wrapper\">[vc_row fullwidth=&#8221;true&#8221;][vc_column][mk_edge_slider swiper_bg=&#8221;#000000&#8243; orderby=&#8221;id&#8221; direction_nav=&#8221;round&#8221; pagination=&#8221;none&#8221; slides=&#8221;212,214&#8243;][\/vc_column][\/vc_row][vc_row id=&#8221;kanzlei&#8221;][vc_column][mk_fancy_title color=&#8221;#895b34&#8243; size=&#8221;28&#8243; font_weight=&#8221;bold&#8221; txt_transform=&#8221;uppercase&#8221; margin_top=&#8221;50&#8243; font_family=&#8221;none&#8221; align=&#8221;center&#8221; el_class=&#8221;h2-responsive&#8221;]Studio legale\u00a0Meinhard Durnwalder[\/mk_fancy_title][vc_row_inner][vc_column_inner width=&#8221;1\/6&#8243;][\/vc_column_inner][vc_column_inner width=&#8221;2\/3&#8243;][vc_column_text disable_pattern=&#8221;false&#8221; align=&#8221;center&#8221; margin_bottom=&#8221;50&#8243;]Siamo un team giovane e affiatato di avvocati e collaboratori in possesso di solide conoscenze specifiche. Il nostro obiettivo \u00e8 di trovare soluzioni personalizzate ai problemi giuridici dei nostri clienti, facendo valere i loro interessi. Nella nostra attivit\u00e0 \u00e8 fondamentale la fiducia reciproca ed essere a fianco di ciascuno dei nostri clienti, con piena dedizione e competenza, nelle pi\u00f9 svariate questioni legali.<\/p>\n<p><strong>Il nostro intento \u00e8 di soddisfare i nostri clienti.\u00a0<\/strong>Per questa ragione dedichiamo molto tempo ai colloqui preventivi e alla consulenza, al fine di evitare, per quanto possibile, le controversie.<\/p>\n<p><strong>Ogni caso \u00e8 diverso<\/strong> e per questo motivo le esigenze e gli interessi dei nostri clienti sono sempre al centro della nostra attivit\u00e0. Il nostro lavoro \u00e8 svolto con il massimo impegno, al fine di ottenere le soluzioni pi\u00f9 soddisfacenti ed economicamente pi\u00f9 vantaggiose per i nostri clienti.<\/p>\n<p><strong>Studio legale Meinhard Durnwalder a Brunico e a Bolzano.<br \/>\n<\/strong><strong>Il riferimento a tutte le Vostre questioni legali<\/strong>[\/vc_column_text][\/vc_column_inner][vc_column_inner width=&#8221;1\/6&#8243;][\/vc_column_inner][\/vc_row_inner][\/vc_column][\/vc_row][mk_page_section bg_color=&#8221;#895b34&#8243; full_width=&#8221;true&#8221; sidebar=&#8221;sidebar-1&#8243;][vc_column][mk_fancy_title tag_name=&#8221;h4&#8243; color=&#8221;#ffffff&#8221; size=&#8221;28&#8243; font_weight=&#8221;bold&#8221; font_style=&#8221;italic&#8221; txt_transform=&#8221;none&#8221; margin_top=&#8221;15&#8243; margin_bottom=&#8221;0&#8243; font_family=&#8221;Alegreya&#8221; font_type=&#8221;google&#8221; align=&#8221;center&#8221; el_class=&#8221;h4-responsive&#8221;]<em>\u201eNulla \u00e8 in grado di rafforzare le persone quanto la fiducia che viene loro concessa\u201c <\/em>[\/mk_fancy_title][mk_fancy_title tag_name=&#8221;h4&#8243; color=&#8221;#ffffff&#8221; size=&#8221;16&#8243; font_weight=&#8221;normal&#8221; txt_transform=&#8221;none&#8221; margin_bottom=&#8221;10&#8243; font_family=&#8221;none&#8221; align=&#8221;center&#8221;]Adolf von Harnack (1851-1930)[\/mk_fancy_title][\/vc_column][\/mk_page_section][mk_page_section bg_color=&#8221;#e0e0e0&#8243; section_id=&#8221;dienstleistungen&#8221; sidebar=&#8221;sidebar-1&#8243;][vc_column][mk_fancy_title tag_name=&#8221;h3&#8243; color=&#8221;#895b34&#8243; size=&#8221;28&#8243; font_weight=&#8221;bold&#8221; txt_transform=&#8221;uppercase&#8221; margin_top=&#8221;50&#8243; font_family=&#8221;none&#8221; align=&#8221;center&#8221; el_class=&#8221;h3-responsive&#8221;]Servizi[\/mk_fancy_title][vc_row_inner][vc_column_inner width=&#8221;1\/6&#8243;][\/vc_column_inner][vc_column_inner width=&#8221;2\/3&#8243;][vc_column_text align=&#8221;center&#8221;]Il nostro obiettivo principale \u00e8 di far valere con efficacia, semplicit\u00e0 e competenza la posizione giuridica dei nostri clienti, offrendo consulenza, rappresentanza e difesa in tutti i campi giuridici e negli ambiti attigui, nelle controversie giudiziali e stragiudiziali e nella stesura di contratti.<\/p>\n<p><strong>Ci siamo specializzati e affermati nei seguenti ambiti giuridici:<\/strong>[\/vc_column_text][\/vc_column_inner][vc_column_inner width=&#8221;1\/6&#8243;][\/vc_column_inner][\/vc_row_inner][vc_row_inner][vc_column_inner width=&#8221;1\/4&#8243;][vc_column_text disable_pattern=&#8221;false&#8221;]Diritto agrario e alimentare<br \/>\nDiritto dell\u2019autonomia<br \/>\nDiritto energetico<br \/>\nDiritto delle successioni testamentarie<br \/>\nDiritto coniugale e di famiglia<br \/>\nDiritto commerciale e societario[\/vc_column_text][\/vc_column_inner][vc_column_inner width=&#8221;1\/4&#8243;][vc_column_text disable_pattern=&#8221;false&#8221;]Diritto industriale e antitrust<br \/>\nDiritto finanziario e bancario<br \/>\nDiritto fallimentare<br \/>\nDiritto immobiliare<br \/>\nDiritto costituzionale<br \/>\nDiritto della circolazione stradale[\/vc_column_text][\/vc_column_inner][vc_column_inner width=&#8221;1\/4&#8243;][vc_column_text disable_pattern=&#8221;false&#8221;]Diritto assicurativo<br \/>\nDiritto contrattuale<br \/>\nDiritto amministrativo<br \/>\nLegge sui masi chiusi<br \/>\nMediazione<br \/>\nConsulenze stragiudiziali[\/vc_column_text][\/vc_column_inner][vc_column_inner width=&#8221;1\/4&#8243;][vc_column_text disable_pattern=&#8221;false&#8221;]Mandati processuali e arbitrali<br \/>\nOrdinamento territoriale<br \/>\nRecupero crediti ed esecuzione forzata<br \/>\nRisarcimento danni<br \/>\nResponsabilit\u00e0 civile<br \/>\nRappresentanza e difesa in processi penali[\/vc_column_text][\/vc_column_inner][\/vc_row_inner][vc_row_inner][vc_column_inner width=&#8221;1\/6&#8243;][\/vc_column_inner][vc_column_inner width=&#8221;2\/3&#8243;][mk_padding_divider size=&#8221;30&#8243;][vc_column_text align=&#8221;center&#8221; margin_bottom=&#8221;50&#8243;]<strong>Siamo a disposizione per una consulenza personalizzata presso il nostro studio legale previo appuntamento.<\/strong>[\/vc_column_text][\/vc_column_inner][vc_column_inner width=&#8221;1\/6&#8243;][\/vc_column_inner][\/vc_row_inner][\/vc_column][\/mk_page_section][vc_row fullwidth=&#8221;true&#8221;][vc_column][mk_gallery images=&#8221;167,166,165,164&#8243; column=&#8221;4&#8243; height=&#8221;200&#8243; item_spacing=&#8221;0&#8243; margin_bottom=&#8221;40&#8243; item_id=&#8221;1430836851-5548d6735312e&#8221;][\/vc_column][\/vc_row][mk_page_section bg_color=&#8221;#ffffff&#8221; section_id=&#8221;team&#8221; sidebar=&#8221;sidebar-1&#8243;][vc_column][mk_fancy_title tag_name=&#8221;h3&#8243; color=&#8221;#895b34&#8243; size=&#8221;28&#8243; font_weight=&#8221;bold&#8221; txt_transform=&#8221;uppercase&#8221; margin_top=&#8221;50&#8243; font_family=&#8221;none&#8221; align=&#8221;center&#8221; el_class=&#8221;h3-responsive&#8221;]Team[\/mk_fancy_title][mk_employees rounded_image=&#8221;false&#8221; count=&#8221;3&#8243; order=&#8221;ASC&#8221; employees=&#8221;232, 234, 423&#8243;][mk_employees rounded_image=&#8221;false&#8221; count=&#8221;3&#8243; order=&#8221;ASC&#8221; orderby=&#8221;post__in&#8221; employees=&#8221;357, 421, 663&#8243;][mk_employees rounded_image=&#8221;false&#8221; count=&#8221;3&#8243; order=&#8221;ASC&#8221; orderby=&#8221;post__in&#8221; employees=&#8221;660, 599, 628&#8243;][mk_employees rounded_image=&#8221;false&#8221; count=&#8221;3&#8243; order=&#8221;ASC&#8221; orderby=&#8221;post__in&#8221; employees=&#8221;219, 454&#8243;][\/vc_column][\/mk_page_section][vc_row fullwidth=&#8221;true&#8221; id=&#8221;kontakt&#8221;][vc_column][vc_gmaps link=&#8221;#E-8_JTNDaWZyYW1lJTIwc3JjJTNEJTIyaHR0cHMlM0ElMkYlMkZ3d3cuZ29vZ2xlLmNvbSUyRm1hcHMlMkZkJTJGZW1iZWQlM0ZtaWQlM0QxdkZNeFRBNDdtTEE4Rk05NlFlekxJaDBRdXAwJTIyJTIwd2lkdGglM0QlMjI2NDAlMjIlMjBoZWlnaHQlM0QlMjI0ODAlMjIlM0UlM0MlMkZpZnJhbWUlM0U=&#8221;][mk_padding_divider][\/vc_column][\/vc_row][mk_page_section full_width=&#8221;true&#8221; sidebar=&#8221;sidebar-1&#8243;][vc_column][mk_fancy_title tag_name=&#8221;h3&#8243; color=&#8221;#895b34&#8243; size=&#8221;28&#8243; font_weight=&#8221;bold&#8221; txt_transform=&#8221;uppercase&#8221; margin_top=&#8221;20&#8243; font_family=&#8221;none&#8221; align=&#8221;center&#8221; el_class=&#8221;h3-responsive&#8221;]Contatto[\/mk_fancy_title][vc_column_text align=&#8221;center&#8221; margin_bottom=&#8221;30&#8243;]Siamo a disposizione per una consulenza personalizzata presso il nostro studio legale previo appuntamento[\/vc_column_text][vc_row_inner][vc_column_inner width=&#8221;1\/4&#8243;][\/vc_column_inner][vc_column_inner width=&#8221;1\/4&#8243;][vc_column_text margin_bottom=&#8221;50&#8243;]<strong>Studio legale\u00a0Durnwalder<br \/>\nUfficio\u00a0Brunico<\/strong><\/p>\n<p>Via Michael Pacher 5<br \/>\n39031\u00a0Brunico<\/p>\n<p>Tel. +39 0474\u00a0410755<br \/>\nFax. +39 0474\u00a0412271<\/p>\n<p>Mail: <a href=\"mailto:info@ra-durnwalder.it\">info@ra-durnwalder.it<\/a>[\/vc_column_text][\/vc_column_inner][vc_column_inner width=&#8221;1\/4&#8243;][vc_column_text margin_bottom=&#8221;50&#8243; css=&#8221;.vc_custom_1616676553775{margin-bottom: 50px !important;}&#8221;]<strong>Studio legale\u00a0Durnwalder<br \/>\nUfficio\u00a0Bolzano<\/strong><\/p>\n<p>Via Raffaello Sernesi 34<br \/>\n39100\u00a0Bolzano<\/p>\n<p>Tel. +39 0471 324783<br \/>\nFax. +39 0471 328235<\/p>\n<p>Mail: <a href=\"mailto:info@ra-durnwalder.it\">info@ra-durnwalder.it<\/a>[\/vc_column_text][\/vc_column_inner][vc_column_inner width=&#8221;1\/4&#8243;][\/vc_column_inner][\/vc_row_inner][\/vc_column][\/mk_page_section][mk_page_section bg_color=&#8221;#895b34&#8243; min_height=&#8221;50&#8243; full_width=&#8221;true&#8221; padding_top=&#8221;20&#8243; padding_bottom=&#8221;20&#8243; sidebar=&#8221;sidebar-1&#8243;][vc_column width=&#8221;2\/3&#8243;][mk_fancy_title tag_name=&#8221;h4&#8243; color=&#8221;#ffffff&#8221; size=&#8221;28&#8243; txt_transform=&#8221;none&#8221; margin_top=&#8221;5&#8243; margin_bottom=&#8221;0&#8243; font_family=&#8221;none&#8221; align=&#8221;center&#8221; el_class=&#8221;h4-responsive&#8221;]Il nostro intento \u00e8 la soddisfazione dei nostri mandanti[\/mk_fancy_title][\/vc_column][vc_column width=&#8221;1\/3&#8243;][mk_button dimension=&#8221;outline&#8221; size=&#8221;large&#8221; url=&#8221;mailto:info@ra-durnwalder.it&#8221; margin_bottom=&#8221;0&#8243; outline_skin=&#8221;light&#8221;]Contattateci[\/mk_button][\/vc_column][\/mk_page_section]\n<\/div>","protected":false},"excerpt":{"rendered":"<p>[vc_row fullwidth=&#8221;true&#8221;][vc_column][mk_edge_slider swiper_bg=&#8221;#000000&#8243; orderby=&#8221;id&#8221; direction_nav=&#8221;round&#8221; pagination=&#8221;none&#8221; slides=&#8221;212,214&#8243;][\/vc_column][\/vc_row][vc_row id=&#8221;kanzlei&#8221;][vc_column][mk_fancy_title color=&#8221;#895b34&#8243; size=&#8221;28&#8243; font_weight=&#8221;bold&#8221; txt_transform=&#8221;uppercase&#8221; margin_top=&#8221;50&#8243; font_family=&#8221;none&#8221; align=&#8221;center&#8221; el_class=&#8221;h2-responsive&#8221;]Studio legale\u00a0Meinhard Durnwalder[\/mk_fancy_title][vc_row_inner][vc_column_inner width=&#8221;1\/6&#8243;][\/vc_column_inner][vc_column_inner width=&#8221;2\/3&#8243;][vc_column_text disable_pattern=&#8221;false&#8221; align=&#8221;center&#8221; margin_bottom=&#8221;50&#8243;]Siamo un team giovane e affiatato di avvocati e collaboratori in possesso di solide conoscenze specifiche. Il nostro obiettivo \u00e8 di trovare soluzioni personalizzate ai problemi giuridici dei nostri clienti, facendo valere i [&hellip;]<\/p>\n","protected":false},"author":1,"featured_media":0,"parent":0,"menu_order":0,"comment_status":"closed","ping_status":"closed","template":"","meta":{"footnotes":""},"_links":{"self":[{"href":"https:\/\/www.ra-durnwalder.it\/it\/wp-json\/wp\/v2\/pages\/192"}],"collection":[{"href":"https:\/\/www.ra-durnwalder.it\/it\/wp-json\/wp\/v2\/pages"}],"about":[{"href":"https:\/\/www.ra-durnwalder.it\/it\/wp-json\/wp\/v2\/types\/page"}],"author":[{"embeddable":true,"href":"https:\/\/www.ra-durnwalder.it\/it\/wp-json\/wp\/v2\/users\/1"}],"replies":[{"embeddable":true,"href":"https:\/\/www.ra-durnwalder.it\/it\/wp-json\/wp\/v2\/comments?post=192"}],"version-history":[{"count":5,"href":"https:\/\/www.ra-durnwalder.it\/it\/wp-json\/wp\/v2\/pages\/192\/revisions"}],"predecessor-version":[{"id":689,"href":"https:\/\/www.ra-durnwalder.it\/it\/wp-json\/wp\/v2\/pages\/192\/revisions\/689"}],"wp:attachment":[{"href":"https:\/\/www.ra-durnwalder.it\/it\/wp-json\/wp\/v2\/media?parent=192"}],"curies":[{"name":"wp","href":"https:\/\/api.w.org\/{rel}","templated":true}]}}